{"id":4716,"date":"2024-04-10T12:07:19","date_gmt":"2024-04-10T09:07:19","guid":{"rendered":"https:\/\/dahmira.ro\/?post_type=product&#038;p=4716"},"modified":"2024-04-10T12:07:19","modified_gmt":"2024-04-10T09:07:19","slug":"calfotel-hybrid-2","status":"publish","type":"product","link":"https:\/\/dahmira.ro\/fr\/product\/calfotel-hybrid-2\/","title":{"rendered":"CalfOTel Hybrid"},"content":{"rendered":"<h3 style=\"text-align: center;\"><strong>Points forts<\/strong><\/h3>\n<ul>\n<li style=\"text-align: left;\">Sp\u00e9cialement con\u00e7u pour abriter les veaux en ext\u00e9rieur<\/li>\n<li style=\"text-align: left;\">Microclimat adapt\u00e9 gr\u00e2ce \u00e0 la forme de la niche et \u00e0 la trappe r\u00e9glable<\/li>\n<li style=\"text-align: left;\">Les animaux restent dans la m\u00eame niche avec le m\u00eame groupe d\u00e8s leur naissance et jusqu\u2019\u00e0 3 mois<\/li>\n<li style=\"text-align: left;\">Configuration flexible gr\u00e2ce aux cloisons amovibles<\/li>\n<li style=\"text-align: left;\">Logements individuels et collectifs tout en un<\/li>\n<li style=\"text-align: left;\">Moins d&rsquo;espace n\u00e9cessaire<\/li>\n<li style=\"text-align: left;\">Gr\u00e2ce \u00e0 la trappe amovible situ\u00e9e \u00e0 l\u2019avant de la niche, l\u2019\u00e9leveur peut surveiller facilement les veaux et se tenir debout dans la niche<\/li>\n<li style=\"text-align: left;\">Comme les veaux sont regroup\u00e9s, l\u2019\u00e9leveur a moins de distance \u00e0 parcourir<\/li>\n<li style=\"text-align: left;\">Facile \u00e0 nettoyer et d\u00e9sinfecter<\/li>\n<li style=\"text-align: left;\">Fabriqu\u00e9 en polyester renforc\u00e9 de fibre de verre, ce qui garantit la durabilit\u00e9 du produit et des temp\u00e9ratures agr\u00e9ables en \u00e9t\u00e9<\/li>\n<li style=\"text-align: left;\">Les cloisons amovibles sont fabriqu\u00e9es en HDPE<\/li>\n<\/ul>\n<h3 style=\"text-align: center;\"><strong>Dimensions<\/strong><\/h3>\n<p>Dimensions de la niche (L x l x h): 450 x 227,5 x 189 cm<br \/>\nDimensions des enclos: 100 x 170 cm<\/p>\n<p>Hauteur des cl\u00f4tures: 105 cm<br \/>\nHauteur des cloisons: 98 cm<br \/>\nProfondeur de la niche: 172 cm<br \/>\nHauteur de l\u2019ouverture entre la cl\u00f4ture et le sol: 85 cm<\/p>\n","protected":false},"excerpt":{"rendered":"<p>La qualit\u00e9 de l\u2019\u00e9levage de veaux est de plus en plus importante pour garantir l\u2019efficacit\u00e9 et la r\u00e9ussite des exploitations laiti\u00e8res. VDK Products a d\u00e9velopp\u00e9 la niche \u00ab CalfOTel Hybrid \u00bb pour continuer \u00e0 optimiser l\u2019\u00e9levage de veaux. Ce concept de logement nouveau et unique pour veaux permet d\u2019abriter les veaux \u00ab en ext\u00e9rieur \u00bb par petits groupes ou de mani\u00e8re individuelle. Les veaux peuvent ainsi rester dans la m\u00eame niche d\u00e8s leur naissance jusqu\u2019\u00e0 3 mois. Le syst\u00e8me s\u2019articule autour de trois valeurs essentielles : charge de travail, hygi\u00e8ne et sant\u00e9 des animaux.<\/p>\n<p>La niche CalfOTel Hybrid est egalement disponible avec parc. Renseignez-vous sur nos possibilit\u00e9s!<\/p>\n","protected":false},"featured_media":4717,"comment_status":"open","ping_status":"closed","template":"","meta":[],"product_cat":[82],"product_tag":[],"_links":{"self":[{"href":"https:\/\/dahmira.ro\/fr\/wp-json\/wp\/v2\/product\/4716"}],"collection":[{"href":"https:\/\/dahmira.ro\/fr\/wp-json\/wp\/v2\/product"}],"about":[{"href":"https:\/\/dahmira.ro\/fr\/wp-json\/wp\/v2\/types\/product"}],"replies":[{"embeddable":true,"href":"https:\/\/dahmira.ro\/fr\/wp-json\/wp\/v2\/comments?post=4716"}],"wp:featuredmedia":[{"embeddable":true,"href":"https:\/\/dahmira.ro\/fr\/wp-json\/wp\/v2\/media\/4717"}],"wp:attachment":[{"href":"https:\/\/dahmira.ro\/fr\/wp-json\/wp\/v2\/media?parent=4716"}],"wp:term":[{"taxonomy":"product_cat","embeddable":true,"href":"https:\/\/dahmira.ro\/fr\/wp-json\/wp\/v2\/product_cat?post=4716"},{"taxonomy":"product_tag","embeddable":true,"href":"https:\/\/dahmira.ro\/fr\/wp-json\/wp\/v2\/product_tag?post=4716"}],"curies":[{"name":"wp","href":"https:\/\/api.w.org\/{rel}","templated":true}]}}