{"id":4705,"date":"2024-04-10T11:38:06","date_gmt":"2024-04-10T08:38:06","guid":{"rendered":"https:\/\/dahmira.ro\/?post_type=product&#038;p=4705"},"modified":"2024-04-10T11:38:07","modified_gmt":"2024-04-10T08:38:07","slug":"calfotel-comfort-avec-parc-en-4-parties","status":"publish","type":"product","link":"https:\/\/dahmira.ro\/fr\/product\/calfotel-comfort-avec-parc-en-4-parties\/","title":{"rendered":"CalfOTel Comfort avec parc en 4 parties"},"content":{"rendered":"<h3 style=\"text-align: center;\"><strong>Points forts<\/strong><\/h3>\n<ul>\n<li>Parc galvanis\u00e9 brevet\u00e9 (EP 1.138.196)<\/li>\n<li>2 ouvertures pour nourrisseur<\/li>\n<li>Fabriqu\u00e9 en polyester renforc\u00e9 de fibre de verre, ce qui garantit la durabilit\u00e9 du produit et des temp\u00e9ratures agr\u00e9ables en \u00e9t\u00e9<\/li>\n<li>La couche int\u00e9rieure lisse emp\u00eache la formation de bact\u00e9ries et se nettoie facilement<\/li>\n<li>Le seuil en plastique permet de garder la paille dans la niche<\/li>\n<li>Cl\u00f4ture pratique qui peut s&rsquo;ouvrir d&rsquo;une seule main<\/li>\n<\/ul>\n<h3 style=\"text-align: center;\"><strong>Propri\u00e9t\u00e9s<\/strong><\/h3>\n<ul>\n<li>Le parc articul\u00e9 se replie, avec ou sans la partie avant, et conserve toujours une forme en U. Une fois repli\u00e9, le parc peut \u00eatre rapidement et facilement nettoy\u00e9 \u00e0 la machine<\/li>\n<li>La niche peut \u00e9galement basculer vers l&rsquo;avant gr\u00e2ce \u00e0 ses charni\u00e8res. La paille reste ainsi \u00e0 l&rsquo;ext\u00e9rieur, ce qui permet de nettoyer rapidement et facilement la niche.<\/li>\n<\/ul>\n<h3 style=\"text-align: center;\"><strong>Dimensions<\/strong><\/h3>\n<p>Niche avec seuil, parc en 4 parties et 1 porte-seau.<br \/>\nDimensions: (L x l x h)<br \/>\nNiche: 200 x 120 x 140 cm<br \/>\nParc: 150 x 120 x 100 cm<br \/>\nLes dimensions sont les dimensions ext\u00e9rieures\/de transport et peuvent varier selon les niches.<\/p>\n","protected":false},"excerpt":{"rendered":"<p>Le CalfOTel Comfort est un syst\u00e8me parfait pour \u00e9lever les veaux \u00e2g\u00e9s de 0 \u00e0 8 semaines. Par rapport au CalfOTel\u00ae Small, le veau est plus \u00e0 l&rsquo;abri gr\u00e2ce \u00e0 sa longueur accrue. De par sa hauteur, la niche \u00e0 veaux est plus accessible, ce qui vous permet d&rsquo;aider le veau \u00e0 se lever, par exemple.<\/p>\n<p>Le syst\u00e8me CalfOTel Comfort a \u00e9t\u00e9 r\u00e9cemment enti\u00e8rement repens\u00e9, ce qui a permis d&rsquo;obtenir une niche de meilleure qualit\u00e9 et plus facile d&rsquo;utilisation. Les roues sont int\u00e9gr\u00e9es au seuil en plastique, ce qui permet de d\u00e9placer facilement la niche \u00e0 veaux pour l&rsquo;installer ailleurs ou la nettoyer. Le seau \u00e0 t\u00e9tine et la plaque d&rsquo;identification peuvent \u00eatre fix\u00e9s sur les coins du parc, ce qui permet de remplir rapidement et efficacement les seaux mais aussi d&rsquo;identifier facilement l&rsquo;agneau. La paille se remplace facilement gr\u00e2ce aux cl\u00f4tures avec syst\u00e8me de verrouillage astucieux qui s&rsquo;actionnent d&rsquo;une seule main.<\/p>\n<p>Les utilisateurs des syst\u00e8mes CalfOTel\u00ae confirment invariablement qu&rsquo;ils permettent de faire baisser les frais de main-d&rsquo;\u0153uvre. En un mot, tout b\u00e9nef!<\/p>\n","protected":false},"featured_media":4706,"comment_status":"open","ping_status":"closed","template":"","meta":[],"product_cat":[79],"product_tag":[],"_links":{"self":[{"href":"https:\/\/dahmira.ro\/fr\/wp-json\/wp\/v2\/product\/4705"}],"collection":[{"href":"https:\/\/dahmira.ro\/fr\/wp-json\/wp\/v2\/product"}],"about":[{"href":"https:\/\/dahmira.ro\/fr\/wp-json\/wp\/v2\/types\/product"}],"replies":[{"embeddable":true,"href":"https:\/\/dahmira.ro\/fr\/wp-json\/wp\/v2\/comments?post=4705"}],"wp:featuredmedia":[{"embeddable":true,"href":"https:\/\/dahmira.ro\/fr\/wp-json\/wp\/v2\/media\/4706"}],"wp:attachment":[{"href":"https:\/\/dahmira.ro\/fr\/wp-json\/wp\/v2\/media?parent=4705"}],"wp:term":[{"taxonomy":"product_cat","embeddable":true,"href":"https:\/\/dahmira.ro\/fr\/wp-json\/wp\/v2\/product_cat?post=4705"},{"taxonomy":"product_tag","embeddable":true,"href":"https:\/\/dahmira.ro\/fr\/wp-json\/wp\/v2\/product_tag?post=4705"}],"curies":[{"name":"wp","href":"https:\/\/api.w.org\/{rel}","templated":true}]}}