{"id":4645,"date":"2024-04-09T17:32:12","date_gmt":"2024-04-09T14:32:12","guid":{"rendered":"https:\/\/dahmira.ro\/?post_type=product&#038;p=4645"},"modified":"2024-04-09T17:32:40","modified_gmt":"2024-04-09T14:32:40","slug":"calfotel-parc-duo-avec-plus","status":"publish","type":"product","link":"https:\/\/dahmira.ro\/fr\/product\/calfotel-parc-duo-avec-plus\/","title":{"rendered":"CalfOTel Parc Duo avec Plus"},"content":{"rendered":"<h3 style=\"text-align: center;\">Points forts<\/h3>\n<ul>\n<li>Parc galvanis\u00e9e, brevet\u00e9e (EP\u00a01.138.196).<\/li>\n<li>Niche Fabriqu\u00e9e en polyester renforc\u00e9 de fibre de verre, ce qui garantit sa durabilit\u00e9 et des temp\u00e9ratures agr\u00e9ables en \u00e9t\u00e9.<\/li>\n<li>La couche int\u00e9rieure lisse emp\u00eache la formation de bact\u00e9ries et se nettoie facilement.<\/li>\n<li>Excellente ventilation gr\u00e2ce aux ouvertures \u00e0 l\u2019avant du toit.<\/li>\n<li>Le seuil en plastique permet de garder la paille dans le box.<\/li>\n<li>Cl\u00f4ture pratique qui peut s\u2019ouvrir d\u2019une seule main.<\/li>\n<li>Cl\u00f4ture combin\u00e9e, aussi bien pour deux veaux s\u00e9par\u00e9s que pour deux veaux regroup\u00e9s.<\/li>\n<\/ul>\n<h3 style=\"text-align: center;\"><strong>Dimensions<\/strong><\/h3>\n<p>Deux box avec seuils, une parc Duo et deux portes seaux standards.<br \/>\nDimensions\u00a0: (L\u00a0x\u00a0l\u00a0x\u00a0H)<br \/>\nBox: 200 x 115 x 128 cm<br \/>\nParc: 150 x 230 x 100 cm<br \/>\nLes dimensions sont des dimensions externes\/de transport et peuvent varier selon le produit.<\/p>\n","protected":false},"excerpt":{"rendered":"<p>Le Parc CalfOTel Duo associ\u00e9 aux box Plus\u00a0est une parc qui peut \u00eatre reli\u00e9 \u00e0 deux box Plus\/Comfort et qui est con\u00e7u pour regrouper les veaux en petits groupes de deux. Les veaux conservent leur propre box avec leur propre espace ext\u00e9rieur pendant les premiers jours. Le parc central se replie en un instant, cr\u00e9ant ainsi une seule zone ext\u00e9rieure pour deux box \u00e0 veaux. Il est donc particuli\u00e8rement adapt\u00e9 aux exploitations biologiques et r\u00e9pond \u00e0 la l\u00e9gislation pr\u00e9voyant d\u2019\u00e9lever les veaux en groupe d\u00e8s leur plus jeune \u00e2ge.<\/p>\n<p>Il est possible de replier uniquement un seul parc , tout comme il est possible de replier la totalit\u00e9 des parc CalfOTel Duo. Le parc est \u00e9galement \u00e9quip\u00e9 de deux portes avant, permettant de verrouiller les deux box \u00e0 veaux. Il est possible de r\u00e9unir deux parcs de box \u00e0 veaux Plus\/Comfort d\u00e9j\u00e0 achet\u00e9s en un seule Parc Duo. Il suffit pour cela d\u2019utiliser un kit de conversion.<\/p>\n","protected":false},"featured_media":4646,"comment_status":"open","ping_status":"closed","template":"","meta":[],"product_cat":[79],"product_tag":[],"_links":{"self":[{"href":"https:\/\/dahmira.ro\/fr\/wp-json\/wp\/v2\/product\/4645"}],"collection":[{"href":"https:\/\/dahmira.ro\/fr\/wp-json\/wp\/v2\/product"}],"about":[{"href":"https:\/\/dahmira.ro\/fr\/wp-json\/wp\/v2\/types\/product"}],"replies":[{"embeddable":true,"href":"https:\/\/dahmira.ro\/fr\/wp-json\/wp\/v2\/comments?post=4645"}],"wp:featuredmedia":[{"embeddable":true,"href":"https:\/\/dahmira.ro\/fr\/wp-json\/wp\/v2\/media\/4646"}],"wp:attachment":[{"href":"https:\/\/dahmira.ro\/fr\/wp-json\/wp\/v2\/media?parent=4645"}],"wp:term":[{"taxonomy":"product_cat","embeddable":true,"href":"https:\/\/dahmira.ro\/fr\/wp-json\/wp\/v2\/product_cat?post=4645"},{"taxonomy":"product_tag","embeddable":true,"href":"https:\/\/dahmira.ro\/fr\/wp-json\/wp\/v2\/product_tag?post=4645"}],"curies":[{"name":"wp","href":"https:\/\/api.w.org\/{rel}","templated":true}]}}