{"id":4633,"date":"2024-04-09T16:30:19","date_gmt":"2024-04-09T13:30:19","guid":{"rendered":"https:\/\/dahmira.ro\/?post_type=product&#038;p=4633"},"modified":"2024-04-09T16:30:19","modified_gmt":"2024-04-09T13:30:19","slug":"calfotel-plus-avec-seuil","status":"publish","type":"product","link":"https:\/\/dahmira.ro\/fr\/product\/calfotel-plus-avec-seuil\/","title":{"rendered":"CalfOTel Plus avec seuil"},"content":{"rendered":"<h3 style=\"text-align: center;\"><strong>Points forts<\/strong><\/h3>\n<ul>\n<li>Fabriqu\u00e9 en polyester renforc\u00e9 de fibre de verre, ce qui garantit la durabilit\u00e9 du produit et des temp\u00e9ratures agr\u00e9ables en \u00e9t\u00e9<\/li>\n<li>La couche int\u00e9rieure lisse emp\u00eache la formation de bact\u00e9ries et se nettoie facilement<\/li>\n<li>Le seuil en plastique permet de garder la paille dans la niche<\/li>\n<\/ul>\n<h3 style=\"text-align: center;\"><strong>Dimensions<\/strong><\/h3>\n<p>Niche avec seuil<\/p>\n<p>Dimensions : (L x l x h)<\/p>\n<p>Niche : 200 x 120 x 128 cm<\/p>\n<p>Les dimensions sont les dimensions ext\u00e9rieures\/de transport et peuvent varier selon les niches.<\/p>\n","protected":false},"excerpt":{"rendered":"<p>Le CalfOTel\u00ae Plus convient pour l&rsquo;\u00e9levage en ext\u00e9rieur de veaux \u00e2g\u00e9s de 0 \u00e0 6\u00a0semaines. Le CalfOTel\u00ae Plus \u00e0 une hauteur similaire \u00e0 celle du CalfOTel\u00ae Small. La logette plus longue donne au veau davantage de place et un meilleur abri. La longueur est similaire \u00e0 celle du CalfOTel\u00ae Comfort. Les trois ouvertures de ventilation am\u00e9liorent le climat dans de la logette, a\u00e9r\u00e9 mais sans courants d&rsquo;air.<\/p>\n<p>Cet igloo pour veau est fabriqu\u00e9 en polyester renforc\u00e9 de fibres de verre\u00a0; c&rsquo;est le mat\u00e9riau durable connu de nos logettes pour veaux.<\/p>\n","protected":false},"featured_media":4072,"comment_status":"open","ping_status":"closed","template":"","meta":[],"product_cat":[79],"product_tag":[],"_links":{"self":[{"href":"https:\/\/dahmira.ro\/fr\/wp-json\/wp\/v2\/product\/4633"}],"collection":[{"href":"https:\/\/dahmira.ro\/fr\/wp-json\/wp\/v2\/product"}],"about":[{"href":"https:\/\/dahmira.ro\/fr\/wp-json\/wp\/v2\/types\/product"}],"replies":[{"embeddable":true,"href":"https:\/\/dahmira.ro\/fr\/wp-json\/wp\/v2\/comments?post=4633"}],"wp:featuredmedia":[{"embeddable":true,"href":"https:\/\/dahmira.ro\/fr\/wp-json\/wp\/v2\/media\/4072"}],"wp:attachment":[{"href":"https:\/\/dahmira.ro\/fr\/wp-json\/wp\/v2\/media?parent=4633"}],"wp:term":[{"taxonomy":"product_cat","embeddable":true,"href":"https:\/\/dahmira.ro\/fr\/wp-json\/wp\/v2\/product_cat?post=4633"},{"taxonomy":"product_tag","embeddable":true,"href":"https:\/\/dahmira.ro\/fr\/wp-json\/wp\/v2\/product_tag?post=4633"}],"curies":[{"name":"wp","href":"https:\/\/api.w.org\/{rel}","templated":true}]}}