{"id":4943,"date":"2024-04-11T16:58:26","date_gmt":"2024-04-11T13:58:26","guid":{"rendered":"https:\/\/dahmira.ro\/?page_id=4943"},"modified":"2024-04-12T15:15:27","modified_gmt":"2024-04-12T12:15:27","slug":"tremies-d-alimentation-distributeurs-d-aliments","status":"publish","type":"page","link":"https:\/\/dahmira.ro\/fr\/elevage-de-bovins\/tremies-d-alimentation-distributeurs-d-aliments\/","title":{"rendered":"Tr\u00e9mies d&rsquo;alimentation, distributeurs d&rsquo;aliments"},"content":{"rendered":"<p>Les aliments compos\u00e9s sont des substances en vrac et pour stocker les substances en vrac, le moyen le plus optimal est un bac de stockage d&rsquo;aliments (silo). Le stockage de gros volumes d&rsquo;aliments dans les \u00e9levages est associ\u00e9 \u00e0 certaines difficult\u00e9s. Par exemple, de grands volumes d\u2019aliments n\u00e9cessitent un espace de stockage important pour les sacs, ainsi que la n\u00e9cessit\u00e9 d\u2019emp\u00eacher l\u2019humidit\u00e9 de p\u00e9n\u00e9trer. L&rsquo;ensilage peut r\u00e9soudre ces probl\u00e8mes. Apr\u00e8s tout, un bunker est un conteneur vertical qui peut contenir plusieurs dizaines de tonnes d&rsquo;aliments tout en occupant une petite surface et peut offrir une protection contre l&rsquo;humidit\u00e9. Le chargement et le d\u00e9chargement des aliments du silo se font \u00e0 l\u2019aide d\u2019une vis sans fin.<\/p>\n<p>La tr\u00e9mie en fibre de verre avec couture verticale est une conception robotique innovante de haute technologie.<\/p>\n","protected":false},"excerpt":{"rendered":"<p>Les aliments compos\u00e9s sont des substances en vrac et pour stocker les substances en vrac, le<\/p>\n","protected":false},"author":2,"featured_media":4944,"parent":4578,"menu_order":0,"comment_status":"closed","ping_status":"closed","template":"tpl_svinovodstvo.php","meta":{"footnotes":""},"_links":{"self":[{"href":"https:\/\/dahmira.ro\/fr\/wp-json\/wp\/v2\/pages\/4943"}],"collection":[{"href":"https:\/\/dahmira.ro\/fr\/wp-json\/wp\/v2\/pages"}],"about":[{"href":"https:\/\/dahmira.ro\/fr\/wp-json\/wp\/v2\/types\/page"}],"author":[{"embeddable":true,"href":"https:\/\/dahmira.ro\/fr\/wp-json\/wp\/v2\/users\/2"}],"replies":[{"embeddable":true,"href":"https:\/\/dahmira.ro\/fr\/wp-json\/wp\/v2\/comments?post=4943"}],"version-history":[{"count":3,"href":"https:\/\/dahmira.ro\/fr\/wp-json\/wp\/v2\/pages\/4943\/revisions"}],"predecessor-version":[{"id":5096,"href":"https:\/\/dahmira.ro\/fr\/wp-json\/wp\/v2\/pages\/4943\/revisions\/5096"}],"up":[{"embeddable":true,"href":"https:\/\/dahmira.ro\/fr\/wp-json\/wp\/v2\/pages\/4578"}],"wp:featuredmedia":[{"embeddable":true,"href":"https:\/\/dahmira.ro\/fr\/wp-json\/wp\/v2\/media\/4944"}],"wp:attachment":[{"href":"https:\/\/dahmira.ro\/fr\/wp-json\/wp\/v2\/media?parent=4943"}],"curies":[{"name":"wp","href":"https:\/\/api.w.org\/{rel}","templated":true}]}}