{"id":4762,"date":"2024-04-10T14:39:43","date_gmt":"2024-04-10T11:39:43","guid":{"rendered":"https:\/\/dahmira.ro\/?page_id=4762"},"modified":"2024-04-10T14:44:02","modified_gmt":"2024-04-10T11:44:02","slug":"niches-a-veau-collectives","status":"publish","type":"page","link":"https:\/\/dahmira.ro\/fr\/elevage-de-bovins\/logettes-et-boxes-pour-veaux\/elevage-exterieur\/niches-a-veau-collectives\/","title":{"rendered":"Niches \u00e0 veau collectives"},"content":{"rendered":"<h3 style=\"text-align: center;\"><strong>Niches \u00e0 veau collectives<\/strong><\/h3>\n<p>Les veaux qui passent d\u2019une niche individuelle \u00e0 un logement collectif dans une \u00e9table classique r\u00e9gressent souvent. Les niches collectives de CalfOTel permettent d\u2019\u00e9viter cette situation. Les veaux vivent en plein air jusqu\u2019\u00e0 l\u2019\u00e2ge de trois mois environ, ce qui permet de r\u00e9duire le risque infectieux par rapport \u00e0 un logement en \u00e9table. Les niches collectives pr\u00e9sentent les m\u00eames points forts que les logements individuels de CalfOTel.<\/p>\n<h3 style=\"text-align: center;\"><strong>Points forts:<\/strong><\/h3>\n<ul>\n<li style=\"list-style-type: none;\">\n<ul>\n<li style=\"list-style-type: none;\">\n<ul>\n<li>Logement de 5 ou 10 veaux.<\/li>\n<li>Parc galvanis\u00e9 brevet\u00e9 (EP 1.138.196).<\/li>\n<li>Fabriqu\u00e9e en polyester renforc\u00e9 de fibre de verre, ce qui garantit la durabilit\u00e9 du produit et des temp\u00e9ratures agr\u00e9ables en \u00e9t\u00e9.<\/li>\n<li>Excellente ventilation par les ouvertures dans la partie avant sup\u00e9rieure.<\/li>\n<li>\u0152illets de levage pour un d\u00e9placement facile.<\/li>\n<li>Parc avec syst\u00e8me de fixation.<\/li>\n<li>Le rev\u00eatement int\u00e9rieur lisse emp\u00eache le d\u00e9veloppement des bact\u00e9ries et se nettoie facilement.<\/li>\n<li>Le parc est facile \u00e0 d\u00e9tacher de la niche.<\/li>\n<li>Les veaux sont faciles \u00e0 enfermer dans la niche gr\u00e2ce \u00e0 la cl\u00f4ture d\u2019alimentation amovible.<\/li>\n<li>Niche tr\u00e8s accessible gr\u00e2ce au portillon dans la cl\u00f4ture lat\u00e9rale.<\/li>\n<li>La capacit\u00e9 est id\u00e9ale pour permettre aux groupes de veaux du m\u00eame \u00e2ge d\u2019entrer et sortir en m\u00eame temps.<\/li>\n<li>Le syst\u00e8me offre une visibilit\u00e9 optimale sur les veaux.<\/li>\n<\/ul>\n<\/li>\n<\/ul>\n<\/li>\n<\/ul>\n<p>&nbsp;<br \/>\nLes niches collectives de CalfOTel se d\u00e9clinent en deux mod\u00e8les:<br \/>\n&#8211; CalfOTel XL-5<br \/>\n&#8211; CalfOTel XL-10<\/p>\n<p>Vous pouvez opter pour un mod\u00e8le avec un seuil, un portillon ou un parc.<\/p>\n","protected":false},"excerpt":{"rendered":"<p>Niches \u00e0 veau collectives Les veaux qui passent d\u2019une niche individuelle \u00e0 un logement collectif dans<\/p>\n","protected":false},"author":2,"featured_media":4158,"parent":4656,"menu_order":0,"comment_status":"closed","ping_status":"closed","template":"tpl_sv_category.php","meta":{"footnotes":""},"_links":{"self":[{"href":"https:\/\/dahmira.ro\/fr\/wp-json\/wp\/v2\/pages\/4762"}],"collection":[{"href":"https:\/\/dahmira.ro\/fr\/wp-json\/wp\/v2\/pages"}],"about":[{"href":"https:\/\/dahmira.ro\/fr\/wp-json\/wp\/v2\/types\/page"}],"author":[{"embeddable":true,"href":"https:\/\/dahmira.ro\/fr\/wp-json\/wp\/v2\/users\/2"}],"replies":[{"embeddable":true,"href":"https:\/\/dahmira.ro\/fr\/wp-json\/wp\/v2\/comments?post=4762"}],"version-history":[{"count":5,"href":"https:\/\/dahmira.ro\/fr\/wp-json\/wp\/v2\/pages\/4762\/revisions"}],"predecessor-version":[{"id":4768,"href":"https:\/\/dahmira.ro\/fr\/wp-json\/wp\/v2\/pages\/4762\/revisions\/4768"}],"up":[{"embeddable":true,"href":"https:\/\/dahmira.ro\/fr\/wp-json\/wp\/v2\/pages\/4656"}],"wp:featuredmedia":[{"embeddable":true,"href":"https:\/\/dahmira.ro\/fr\/wp-json\/wp\/v2\/media\/4158"}],"wp:attachment":[{"href":"https:\/\/dahmira.ro\/fr\/wp-json\/wp\/v2\/media?parent=4762"}],"curies":[{"name":"wp","href":"https:\/\/api.w.org\/{rel}","templated":true}]}}