{"id":4757,"date":"2024-04-10T14:04:44","date_gmt":"2024-04-10T11:04:44","guid":{"rendered":"https:\/\/dahmira.ro\/?page_id=4757"},"modified":"2024-04-10T19:33:42","modified_gmt":"2024-04-10T16:33:42","slug":"hybrid","status":"publish","type":"page","link":"https:\/\/dahmira.ro\/fr\/elevage-de-bovins\/logettes-et-boxes-pour-veaux\/elevage-exterieur\/hybrid\/","title":{"rendered":"Hybrid"},"content":{"rendered":"<h3 style=\"text-align: center;\"><strong>Hybrid<\/strong><\/h3>\n<p>Le CalfOTel Hybrid est un concept unique de logement pour veaux permettant de les abriter en ext\u00e9rieur par petits groupes ou de mani\u00e8re individuelle. Les veaux peuvent ainsi rester dans la m\u00eame niche d\u00e8s leur naissance et jusqu\u2019\u00e0 trois mois. Avantages du CalfOTel Hybrid:<\/p>\n<ul>\n<li style=\"list-style-type: none;\">\n<ul>\n<li style=\"list-style-type: none;\">\n<ul>\n<li>Un microclimat adapt\u00e9: dans toutes les conditions m\u00e9t\u00e9orologiques, gr\u00e2ce \u00e0 la forme de la niche et \u00e0 la trappe r\u00e9glable.<\/li>\n<li>Petits groupes \u00abtout plein tout vide\u00bb: les veaux ne sont pas d\u00e9plac\u00e9s d\u2019une niche individuelle vers un logement collectif. Ce syst\u00e8me permet de diminuer la charge de travail et de r\u00e9duire le stress pour les veaux. En combinaison avec un syst\u00e8me \u00ab tout plein tout vide\u00bb facile \u00e0 nettoyer, l\u2019\u00e9levage en petits groupes stables jusqu\u2019\u00e0 trois mois a un impact positif sur la sant\u00e9 des animaux.<\/li>\n<li>Configuration flexible: il est possible d\u2019\u00e9lever jusqu\u2019\u00e0 quatre veaux dans une m\u00eame niche, en logement individuel ou collectif, sans les d\u00e9placer ou les m\u00e9langer avec d\u2019autres veaux. Les cloisons amovibles permettent diff\u00e9rentes configurations: 4 x 1, 2 x 2, 1 x 4 (ou 1 x 3 et 1 x 1).<\/li>\n<li>Moins d\u2019espace n\u00e9cessaire: le CalfOTel Hybrid occupe moins de place sur l\u2019exploitation. Il n\u2019est plus n\u00e9cessaire de combiner des niches individuelles et de groupe. L\u2019Hybrid offre un logement individuel et collectif tout-en-un.<\/li>\n<li>Facilit\u00e9 d\u2019utilisation: gr\u00e2ce \u00e0 la trappe amovible situ\u00e9e \u00e0 l\u2019avant de la niche, l\u2019\u00e9leveur peut surveiller facilement les veaux et se tenir debout dans la niche. Comme les veaux sont regroup\u00e9s, l\u2019\u00e9leveur a moins de distance \u00e0 parcourir. En comparaison avec les syst\u00e8mes traditionnels, l\u2019exp\u00e9rience montre une r\u00e9duction de la charge de travail de plus de 30 % pour le nettoyage, l\u2019alimentation et le paillage.<\/li>\n<li>Facile \u00e0 nettoyer et d\u00e9sinfecter: le CalfOTel Hybrid est fabriqu\u00e9 en polyester renforc\u00e9 de fibre de verre et poss\u00e8de un rev\u00eatement int\u00e9rieur tr\u00e8s lisse. Cette conception facilite le nettoyage et la d\u00e9sinfection de la niche.<\/li>\n<\/ul>\n<\/li>\n<\/ul>\n<\/li>\n<\/ul>\n<p style=\"padding-left: 40px;\">\n","protected":false},"excerpt":{"rendered":"<p>Hybrid Le CalfOTel Hybrid est un concept unique de logement pour veaux permettant de les abriter<\/p>\n","protected":false},"author":2,"featured_media":4444,"parent":4656,"menu_order":0,"comment_status":"closed","ping_status":"closed","template":"tpl_sv_category.php","meta":{"footnotes":""},"_links":{"self":[{"href":"https:\/\/dahmira.ro\/fr\/wp-json\/wp\/v2\/pages\/4757"}],"collection":[{"href":"https:\/\/dahmira.ro\/fr\/wp-json\/wp\/v2\/pages"}],"about":[{"href":"https:\/\/dahmira.ro\/fr\/wp-json\/wp\/v2\/types\/page"}],"author":[{"embeddable":true,"href":"https:\/\/dahmira.ro\/fr\/wp-json\/wp\/v2\/users\/2"}],"replies":[{"embeddable":true,"href":"https:\/\/dahmira.ro\/fr\/wp-json\/wp\/v2\/comments?post=4757"}],"version-history":[{"count":4,"href":"https:\/\/dahmira.ro\/fr\/wp-json\/wp\/v2\/pages\/4757\/revisions"}],"predecessor-version":[{"id":4818,"href":"https:\/\/dahmira.ro\/fr\/wp-json\/wp\/v2\/pages\/4757\/revisions\/4818"}],"up":[{"embeddable":true,"href":"https:\/\/dahmira.ro\/fr\/wp-json\/wp\/v2\/pages\/4656"}],"wp:featuredmedia":[{"embeddable":true,"href":"https:\/\/dahmira.ro\/fr\/wp-json\/wp\/v2\/media\/4444"}],"wp:attachment":[{"href":"https:\/\/dahmira.ro\/fr\/wp-json\/wp\/v2\/media?parent=4757"}],"curies":[{"name":"wp","href":"https:\/\/api.w.org\/{rel}","templated":true}]}}