{"id":4753,"date":"2024-04-10T13:50:17","date_gmt":"2024-04-10T10:50:17","guid":{"rendered":"https:\/\/dahmira.ro\/?page_id=4753"},"modified":"2024-04-12T19:02:48","modified_gmt":"2024-04-12T16:02:48","slug":"logement-double","status":"publish","type":"page","link":"https:\/\/dahmira.ro\/fr\/elevage-de-bovins\/logettes-et-boxes-pour-veaux\/elevage-exterieur\/logement-double\/","title":{"rendered":"Logement double"},"content":{"rendered":"<h3 style=\"text-align: center;\"><strong>Un \u00ablogement en duo\u00bb, un v\u00e9ritable avantage pour l&rsquo;\u00e9levage des veaux<\/strong><\/h3>\n<p>Les vaches sont des animaux vivant en troupeau qui aiment la compagnie de leurs cong\u00e9n\u00e8res. Pourtant, dans la pratique, au cours des premi\u00e8res semaines de leur vie, les veaux sont souvent s\u00e9par\u00e9s des autres, ceci dans le but de pr\u00e9venir les infections. Toutefois, l&rsquo;\u00e9levage \u00ab en duo \u00bb est actuellement en plein essor : il consiste \u00e0 mettre des veaux ensemble et \u00e0 les \u00e9lever par paires. Les avantages de cette m\u00e9thode sont \u00e9vidents. La pr\u00e9sente lettre d&rsquo;information vous les pr\u00e9sente dans le d\u00e9tail!<\/p>\n<h3 style=\"text-align: center;\"><strong>Un comportement plus naturel<\/strong><\/h3>\n<p>Avoir de la compagnie est quelque chose d\u2019important pour les veaux. En les \u00e9levant par paires, les veaux apprennent \u00e0 jouer avec d&rsquo;autres veaux d\u00e8s le premier jour de leur vie. Cela signifie que les veaux auront automatiquement un comportement que l\u2019on peut qualifier de \u00ab plus naturel \u00bb lorsqu&rsquo;ils seront plus \u00e2g\u00e9s. Le fait d\u2019\u00eatre en contact avec d\u2019autres veaux d\u00e8s leur plus jeune \u00e2ge leur aide \u00e0 apprendre plus rapidement les interactions sociales et am\u00e9liore \u00e9galement leurs autres capacit\u00e9s d&rsquo;apprentissage. Les veaux ainsi \u00ab socialis\u00e9s \u00bb font par ailleurs preuve de plus de curiosit\u00e9 et se montrent moins peureux \u00e0 un \u00e2ge plus avanc\u00e9. Diverses \u00e9tudes ont \u00e9tabli que les veaux \u00e9lev\u00e9s \u00ab en duo \u00bb connaissent moins de stress. Ainsi, une \u00e9tude de l&rsquo;Universit\u00e9 de la Colombie-Britannique a montr\u00e9 que le nombre de meuglements d&rsquo;un veau \u00e9tait r\u00e9duit de moiti\u00e9 lorsque celui-ci est avec d\u2019autres veaux.<\/p>\n<h3 style=\"text-align: center;\"><strong>Voir un autre manger fait manger<\/strong><\/h3>\n<p>L&rsquo;\u00e9levage en duo a \u00e9galement un effet positif sur la consommation alimentaire. Selon des recherches men\u00e9es par l&rsquo;Universit\u00e9 de Colombie-Britannique, pendant la p\u00e9riode de traite, une consommation alimentaire suppl\u00e9mentaire de 30 % est possible. Les veaux se stimulent en effet mutuellement \u00e0 manger de nouveaux aliments, c\u2019est-\u00e0-dire des aliments inconnus pour eux. De ce fait, la transition du lait \u00e0 l&rsquo;alimentation normale est plus douce. Des recherches ont montr\u00e9 que les veaux \u00ab \u00e9lev\u00e9s en duo \u00bb mangent en moyenne plus d&rsquo;un kilo par jour, ceci d\u00e8s le premier jour, apr\u00e8s l\u2019arr\u00eat du lait. Ceci alors que les veaux \u00e9lev\u00e9s seuls ne commencent \u00e0 manger qu&rsquo;au deuxi\u00e8me jour. Ces veaux ne d\u00e9passent une dose journali\u00e8re de 1 kg que le quatri\u00e8me jour. Ils perdent par cons\u00e9quent du poids d\u00e8s les premiers jours, alors que les veaux \u00e9lev\u00e9s en duo n&rsquo;en perdent pas.<\/p>\n<h3 style=\"text-align: center;\"><strong>R\u00e9duction du risque de maladie<\/strong><\/h3>\n<p>Les recherches montrent que le risque de maladie est nettement plus faible lorsque les veaux sont \u00e9lev\u00e9s en duo. Le risque de maladie pendant la p\u00e9riode allant jusqu&rsquo;au sevrage a \u00e9t\u00e9 compar\u00e9e entre l&rsquo;\u00e9levage individuel et l&rsquo;\u00e9levage en duo. Les veaux \u00e9lev\u00e9s en duo sont \u00e0 66% environ moins sujet \u00e0 diarrh\u00e9e et ont 50% de chance en moins de contracter une pneumonie. Les \u00ab paires de veaux \u00bb du m\u00eame \u00e2ge constituent en effet une \u00ab unit\u00e9 d&rsquo;infection \u00bb, ce qui r\u00e9duit le risque d&rsquo;infection.<\/p>\n<h3 style=\"text-align: center;\"><strong>Peu de risque de succion<\/strong><\/h3>\n<p>Diverses \u00e9tudes \u00e9voquent le \u00ab risque de succion mutuelle \u00bb comme inconv\u00e9nient possible de l\u2019\u00e9levage des veaux par paires. Par \u00ab risque de succion \u00bb, il convient d\u2019entendre une succion excessive au niveau des oreilles, du nombril et des trayons, laquelle peut entra\u00eener des infections. Une succion excessive est un signe que les veaux ne sont pas en mesure d&rsquo;adopter un comportement naturel suffisant. Un certain nombre d\u2019\u00e9quipements permettent d\u2019\u00e9viter ce risque. Un seau \u00e0 trayons avec une quantit\u00e9 abondante de lait permet de satisfaire ce besoin naturel et de faire en sorte que les veaux restent plus calmes. Un sevrage progressif associ\u00e9 \u00e0 une alimentation ad\u00e9quate et un espace suffisant sont \u00e9galement importants pour mettre fin \u00e0 l&rsquo;envie de t\u00e9ter. Un apport suffisant en fourrage grossier de bonne qualit\u00e9 permet aux veaux de passer plus de temps \u00e0 manger et \u00e0 ruminer.<\/p>\n<h3 style=\"text-align: center;\"><strong>Logement des paires de veaux<\/strong><\/h3>\n<p>L&rsquo;\u00e9levage des jeunes veaux en duo n\u00e9cessite un autre type d\u2019espace destin\u00e9 \u00e0 leur logement. Les dimensions du nouveau mod\u00e8le XL-2 de CalfOTel sont conformes \u00e0 la r\u00e9glementation europ\u00e9enne en mati\u00e8re de d\u00e9tention et d&rsquo;\u00e9levage des veaux en groupe. Ce mod\u00e8le est extra large et extra haut, et permet ainsi d\u2019accueillir confortablement deux veaux. L&rsquo;entr\u00e9e est \u00e9galement tr\u00e8s large, ce qui permet aux veaux d&rsquo;entrer et de sortir facilement en m\u00eame temps. Malgr\u00e9 sa taille, le mod\u00e8le est facile \u00e0 d\u00e9placer gr\u00e2ce aux roues int\u00e9gr\u00e9es et \u00e0 sa poign\u00e9e situ\u00e9e \u00e0 l&rsquo;arri\u00e8re. Un autre avantage du XL-2 est que les ouvertures dans la cl\u00f4ture destin\u00e9es \u00e0 l\u2019apport en alimentation peuvent \u00eatre r\u00e9gl\u00e9es. Ce mod\u00e8le est donc adapt\u00e9 aussi bien aux jeunes veaux qu&rsquo;aux veaux plus \u00e2g\u00e9s, de m\u00eame qu\u2019aux petites et grandes races. Les veaux peuvent ainsi rester plus longtemps en s\u00e9curit\u00e9 dans leur enclos habituel. Ce \u00ab logement en duo \u00bb permet d&rsquo;\u00e9conomiser de la main-d&rsquo;\u0153uvre et des co\u00fbts pour l&rsquo;agriculteur et d\u2019\u00e9viter un moment de stress suppl\u00e9mentaire pour les veaux lorsqu&rsquo;ils sont d\u00e9plac\u00e9s. Outre le XL-2, la gamme CalfOTel offre plus d&rsquo;options pour l\u2019h\u00e9bergement double, comme le CalfOTel Hybrid pour l&rsquo;ext\u00e9rieur et les syst\u00e8mes Open Top Premium Duo et Indoor Combo pour l&rsquo;int\u00e9rieur. Les mod\u00e8les Small\/Plus et Comfort peuvent \u00e9galement \u00eatre \u00e9quip\u00e9s de cl\u00f4tures Duo. Un kit de conversion est disponible pour les enclos existants d\u00e9j\u00e0 dans une exploitation agricole. Avec ce kit, la cl\u00f4ture standard de 4 \u00e9l\u00e9ments peut \u00eatre transform\u00e9e en cl\u00f4ture Duo. La cl\u00f4ture basculante au milieu permet d\u2019h\u00e9berger les veaux individuellement pendant les premiers jours.<\/p>\n<p>&nbsp;<\/p>\n","protected":false},"excerpt":{"rendered":"<p>Un \u00ablogement en duo\u00bb, un v\u00e9ritable avantage pour l&rsquo;\u00e9levage des veaux Les vaches sont des animaux<\/p>\n","protected":false},"author":2,"featured_media":4445,"parent":4656,"menu_order":0,"comment_status":"closed","ping_status":"closed","template":"tpl_sv_category.php","meta":{"footnotes":""},"_links":{"self":[{"href":"https:\/\/dahmira.ro\/fr\/wp-json\/wp\/v2\/pages\/4753"}],"collection":[{"href":"https:\/\/dahmira.ro\/fr\/wp-json\/wp\/v2\/pages"}],"about":[{"href":"https:\/\/dahmira.ro\/fr\/wp-json\/wp\/v2\/types\/page"}],"author":[{"embeddable":true,"href":"https:\/\/dahmira.ro\/fr\/wp-json\/wp\/v2\/users\/2"}],"replies":[{"embeddable":true,"href":"https:\/\/dahmira.ro\/fr\/wp-json\/wp\/v2\/comments?post=4753"}],"version-history":[{"count":4,"href":"https:\/\/dahmira.ro\/fr\/wp-json\/wp\/v2\/pages\/4753\/revisions"}],"predecessor-version":[{"id":5110,"href":"https:\/\/dahmira.ro\/fr\/wp-json\/wp\/v2\/pages\/4753\/revisions\/5110"}],"up":[{"embeddable":true,"href":"https:\/\/dahmira.ro\/fr\/wp-json\/wp\/v2\/pages\/4656"}],"wp:featuredmedia":[{"embeddable":true,"href":"https:\/\/dahmira.ro\/fr\/wp-json\/wp\/v2\/media\/4445"}],"wp:attachment":[{"href":"https:\/\/dahmira.ro\/fr\/wp-json\/wp\/v2\/media?parent=4753"}],"curies":[{"name":"wp","href":"https:\/\/api.w.org\/{rel}","templated":true}]}}