{"id":4727,"date":"2024-04-10T13:13:50","date_gmt":"2024-04-10T10:13:50","guid":{"rendered":"https:\/\/dahmira.ro\/?page_id=4727"},"modified":"2024-04-10T19:37:39","modified_gmt":"2024-04-10T16:37:39","slug":"niche-a-veau","status":"publish","type":"page","link":"https:\/\/dahmira.ro\/fr\/elevage-de-bovins\/logettes-et-boxes-pour-veaux\/elevage-exterieur\/niche-a-veau\/","title":{"rendered":"Niche \u00e0 veau"},"content":{"rendered":"<h3 style=\"text-align: center;\"><strong>Niche \u00e0 veau<\/strong><\/h3>\n<p>Les logements individuels de CalfOTel ont \u00e9t\u00e9 sp\u00e9cialement con\u00e7us pour \u00e9lever les veaux en ext\u00e9rieur. Les niches \u00e0 veaux offrent un environnement id\u00e9al pour les premi\u00e8res semaines de vie des veaux.<\/p>\n<p>La niche \u00e0 veau se distingue par les mat\u00e9riaux r\u00e9sistants et durables qui la composent et par son parc unique et brevet\u00e9. Les roulettes qui se trouvent sous la niche permettent de la faire rouler facilement pour l\u2019installer \u00e0 un autre endroit ou pour la nettoyer ailleurs \u00e0 l\u2019aide d\u2019un nettoyeur haute pression. La paille se remplace facilement gr\u00e2ce aux cl\u00f4tures avec syst\u00e8me de verrouillage astucieux qui s\u2019actionnent d\u2019une seule main. Vous pouvez opter pour un mod\u00e8le avec un seuil, un portillon ou un parc.<\/p>\n<h3 style=\"text-align: center;\"><strong>Points forts<\/strong><\/h3>\n<ul>\n<li style=\"list-style-type: none;\">\n<ul>\n<li style=\"list-style-type: none;\">\n<ul>\n<li>Parc galvanis\u00e9 brevet\u00e9 (EP 1.138.196).<\/li>\n<li>Deux ouvertures pour nourrisseur.<\/li>\n<li>Fabriqu\u00e9e en polyester renforc\u00e9 de fibre de verre, ce qui garantit la durabilit\u00e9 du produit et des temp\u00e9ratures agr\u00e9ables en \u00e9t\u00e9.<\/li>\n<li>Le rev\u00eatement int\u00e9rieur lisse emp\u00eache le d\u00e9veloppement des bact\u00e9ries et se nettoie facilement.<\/li>\n<li>Le seuil permet de garder la paille dans la niche.<\/li>\n<li>Cl\u00f4ture pratique qui peut s\u2019ouvrir d\u2019une seule main.<\/li>\n<li>Le parc articul\u00e9 se replie, avec ou sans la partie avant, et conserve toujours une forme en U. Une fois repli\u00e9, le parc peut \u00eatre rapidement et facilement nettoy\u00e9 \u00e0 la machine.<\/li>\n<li>La niche peut \u00e9galement basculer vers l\u2019avant gr\u00e2ce \u00e0 ses charni\u00e8res. La paille reste ainsi \u00e0 l\u2019ext\u00e9rieur, ce qui permet de nettoyer rapidement et facilement la niche.<\/li>\n<\/ul>\n<\/li>\n<\/ul>\n<p>&nbsp;<br \/>\nLes niches \u00e0 veaux de CalfOTel se d\u00e9clinent en deux mod\u00e8les:<br \/>\n&#8211; CalfOTel Plus<br \/>\n&#8211; CalfOTel Comfort<\/p>\n<p>Vous pouvez opter pour un mod\u00e8le avec un seuil, un portillon ou un parc.<\/p>\n","protected":false},"excerpt":{"rendered":"<p>Niche \u00e0 veau Les logements individuels de CalfOTel ont \u00e9t\u00e9 sp\u00e9cialement con\u00e7us pour \u00e9lever les veaux<\/p>\n","protected":false},"author":2,"featured_media":3998,"parent":4656,"menu_order":0,"comment_status":"closed","ping_status":"closed","template":"tpl_sv_category.php","meta":{"footnotes":""},"_links":{"self":[{"href":"https:\/\/dahmira.ro\/fr\/wp-json\/wp\/v2\/pages\/4727"}],"collection":[{"href":"https:\/\/dahmira.ro\/fr\/wp-json\/wp\/v2\/pages"}],"about":[{"href":"https:\/\/dahmira.ro\/fr\/wp-json\/wp\/v2\/types\/page"}],"author":[{"embeddable":true,"href":"https:\/\/dahmira.ro\/fr\/wp-json\/wp\/v2\/users\/2"}],"replies":[{"embeddable":true,"href":"https:\/\/dahmira.ro\/fr\/wp-json\/wp\/v2\/comments?post=4727"}],"version-history":[{"count":27,"href":"https:\/\/dahmira.ro\/fr\/wp-json\/wp\/v2\/pages\/4727\/revisions"}],"predecessor-version":[{"id":5382,"href":"https:\/\/dahmira.ro\/fr\/wp-json\/wp\/v2\/pages\/4727\/revisions\/5382"}],"up":[{"embeddable":true,"href":"https:\/\/dahmira.ro\/fr\/wp-json\/wp\/v2\/pages\/4656"}],"wp:featuredmedia":[{"embeddable":true,"href":"https:\/\/dahmira.ro\/fr\/wp-json\/wp\/v2\/media\/3998"}],"wp:attachment":[{"href":"https:\/\/dahmira.ro\/fr\/wp-json\/wp\/v2\/media?parent=4727"}],"curies":[{"name":"wp","href":"https:\/\/api.w.org\/{rel}","templated":true}]}}