{"id":4656,"date":"2024-04-09T23:57:09","date_gmt":"2024-04-09T20:57:09","guid":{"rendered":"https:\/\/dahmira.ro\/?page_id=4656"},"modified":"2024-04-10T19:32:23","modified_gmt":"2024-04-10T16:32:23","slug":"elevage-exterieur","status":"publish","type":"page","link":"https:\/\/dahmira.ro\/fr\/elevage-de-bovins\/logettes-et-boxes-pour-veaux\/elevage-exterieur\/","title":{"rendered":"\u00c9levage ext\u00e9rieur"},"content":{"rendered":"<p style=\"text-align: center;\"><strong>Les logements individuels de CalfOTel ont \u00e9t\u00e9 sp\u00e9cialement con\u00e7us pour \u00e9lever les veaux en ext\u00e9rieur. Les niches \u00e0 veaux offrent un environnement id\u00e9al pour les premi\u00e8res semaines de vie des veaux. Des solutions solides, pratiques, faciles \u00e0 nettoyer et adapt\u00e9es aux temp\u00e9ratures \u00e9lev\u00e9es gr\u00e2ce \u00e0 leur rev\u00eatement sp\u00e9cial. En plus des niches individuelles, CalfOTel propose une vaste gamme de logements doubles, hybrides et collectifs.<\/strong><\/p>\n","protected":false},"excerpt":{"rendered":"<p>Les logements individuels de CalfOTel ont \u00e9t\u00e9 sp\u00e9cialement con\u00e7us pour \u00e9lever les veaux en ext\u00e9rieur. Les<\/p>\n","protected":false},"author":2,"featured_media":4613,"parent":4581,"menu_order":0,"comment_status":"closed","ping_status":"closed","template":"tpl_sv_category.php","meta":{"footnotes":""},"_links":{"self":[{"href":"https:\/\/dahmira.ro\/fr\/wp-json\/wp\/v2\/pages\/4656"}],"collection":[{"href":"https:\/\/dahmira.ro\/fr\/wp-json\/wp\/v2\/pages"}],"about":[{"href":"https:\/\/dahmira.ro\/fr\/wp-json\/wp\/v2\/types\/page"}],"author":[{"embeddable":true,"href":"https:\/\/dahmira.ro\/fr\/wp-json\/wp\/v2\/users\/2"}],"replies":[{"embeddable":true,"href":"https:\/\/dahmira.ro\/fr\/wp-json\/wp\/v2\/comments?post=4656"}],"version-history":[{"count":3,"href":"https:\/\/dahmira.ro\/fr\/wp-json\/wp\/v2\/pages\/4656\/revisions"}],"predecessor-version":[{"id":4816,"href":"https:\/\/dahmira.ro\/fr\/wp-json\/wp\/v2\/pages\/4656\/revisions\/4816"}],"up":[{"embeddable":true,"href":"https:\/\/dahmira.ro\/fr\/wp-json\/wp\/v2\/pages\/4581"}],"wp:featuredmedia":[{"embeddable":true,"href":"https:\/\/dahmira.ro\/fr\/wp-json\/wp\/v2\/media\/4613"}],"wp:attachment":[{"href":"https:\/\/dahmira.ro\/fr\/wp-json\/wp\/v2\/media?parent=4656"}],"curies":[{"name":"wp","href":"https:\/\/api.w.org\/{rel}","templated":true}]}}